{"id":8114,"date":"2026-03-16T11:49:43","date_gmt":"2026-03-16T10:49:43","guid":{"rendered":"https:\/\/staging.prenova76.it\/catalogo-prodotti\/unkategorisiert\/industrieller-stromzaehlerkasten\/"},"modified":"2026-03-16T16:11:09","modified_gmt":"2026-03-16T15:11:09","slug":"industrieller-stromzaehlerkasten","status":"publish","type":"product","link":"https:\/\/staging.prenova76.it\/de\/catalogo-prodotti\/zahlerkasten\/industrieller-stromzaehlerkasten\/","title":{"rendered":"Industrieller Stromz\u00e4hlerkasten"},"content":{"rendered":"<p>Industrieller Stromz\u00e4hlerkasten.\u00a0Verf\u00fcgbare Formate und Eigenschaften siehe PDF.<\/p>\n<p>Das technische Datenblatt und die Normen sind im Download-Bereich verf\u00fcgbar (nur f\u00fcr registrierte Benutzer).<\/p>\n<table border=\"0\">\n<tbody>\n<tr>\n<td style=\"background-color: #7fffd4; border: #000000 1px solid;\" valign=\"top\">CODE<\/td>\n<td style=\"background-color: #7fffd4; border: #000000 1px solid;\" valign=\"top\">TYP<\/td>\n<td style=\"background-color: #7fffd4; border: #000000 1px solid;\" valign=\"top\">GEWICHT<\/p>\n<p style=\"text-align: center;\">kg<\/p>\n<\/td>\n<\/tr>\n<tr>\n<td style=\"border: #000000 1px solid;\" valign=\"top\">PCE021<\/td>\n<td style=\"border: #000000 1px solid;\" valign=\"top\">Z\u00c4HLERKASTEN ENERGIA ELETTRICA INDUSTRIE<\/td>\n<td style=\"text-align: center; border: #000000 1px solid;\" valign=\"top\">640<\/td>\n<\/tr>\n<tr>\n<td style=\"border: #000000 1px solid;\" valign=\"top\">PCE026<\/td>\n<td style=\"border: #000000 1px solid;\" valign=\"top\">T\u00fcr VERZINKTE f\u00fcr Z\u00c4HLERKASTEN ENERGIA ELETTRICA INDUSTRIE<\/td>\n<td style=\"text-align: center; border: #000000 1px solid;\" valign=\"top\">15<\/td>\n<\/tr>\n<\/tbody>\n<\/table>\n","protected":false},"excerpt":{"rendered":"<p>Industrieller Stromz\u00e4hlerkasten<\/p>\n[download id=\"5200\"]\n","protected":false},"featured_media":7495,"template":"","meta":[],"product_brand":[],"product_cat":[271],"product_tag":[],"class_list":{"0":"post-8114","1":"product","2":"type-product","3":"status-publish","4":"has-post-thumbnail","6":"product_cat-zahlerkasten","7":"description-off","9":"first","10":"instock","11":"purchasable","12":"product-type-simple"},"_links":{"self":[{"href":"https:\/\/staging.prenova76.it\/de\/wp-json\/wp\/v2\/product\/8114","targetHints":{"allow":["GET"]}}],"collection":[{"href":"https:\/\/staging.prenova76.it\/de\/wp-json\/wp\/v2\/product"}],"about":[{"href":"https:\/\/staging.prenova76.it\/de\/wp-json\/wp\/v2\/types\/product"}],"version-history":[{"count":1,"href":"https:\/\/staging.prenova76.it\/de\/wp-json\/wp\/v2\/product\/8114\/revisions"}],"predecessor-version":[{"id":8115,"href":"https:\/\/staging.prenova76.it\/de\/wp-json\/wp\/v2\/product\/8114\/revisions\/8115"}],"wp:featuredmedia":[{"embeddable":true,"href":"https:\/\/staging.prenova76.it\/de\/wp-json\/wp\/v2\/media\/7495"}],"wp:attachment":[{"href":"https:\/\/staging.prenova76.it\/de\/wp-json\/wp\/v2\/media?parent=8114"}],"wp:term":[{"taxonomy":"product_brand","embeddable":true,"href":"https:\/\/staging.prenova76.it\/de\/wp-json\/wp\/v2\/product_brand?post=8114"},{"taxonomy":"product_cat","embeddable":true,"href":"https:\/\/staging.prenova76.it\/de\/wp-json\/wp\/v2\/product_cat?post=8114"},{"taxonomy":"product_tag","embeddable":true,"href":"https:\/\/staging.prenova76.it\/de\/wp-json\/wp\/v2\/product_tag?post=8114"}],"curies":[{"name":"wp","href":"https:\/\/api.w.org\/{rel}","templated":true}]}}